{"id":6548,"date":"2023-02-28T06:52:49","date_gmt":"2023-02-28T05:52:49","guid":{"rendered":"https:\/\/www.narobial.net\/privacy-policy\/"},"modified":"2025-11-26T12:45:40","modified_gmt":"2025-11-26T11:45:40","slug":"privacy-and-security-policy","status":"publish","type":"page","link":"https:\/\/www.narobial.net\/en\/privacy-and-security-policy\/","title":{"rendered":"Privacy and Security Policy"},"content":{"rendered":"[vc_row type=&#8221;in_container&#8221; full_screen_row_position=&#8221;middle&#8221; column_margin=&#8221;default&#8221; column_direction=&#8221;default&#8221; column_direction_tablet=&#8221;default&#8221; column_direction_phone=&#8221;default&#8221; scene_position=&#8221;center&#8221; top_padding=&#8221;4%&#8221; bottom_padding=&#8221;6%&#8221; text_color=&#8221;dark&#8221; text_align=&#8221;left&#8221; row_border_radius=&#8221;none&#8221; row_border_radius_applies=&#8221;bg&#8221; overflow=&#8221;visible&#8221; overlay_strength=&#8221;0.3&#8243; gradient_direction=&#8221;left_to_right&#8221; shape_divider_position=&#8221;bottom&#8221; bg_image_animation=&#8221;none&#8221; shape_type=&#8221;&#8221;][vc_column column_padding=&#8221;no-extra-padding&#8221; column_padding_tablet=&#8221;inherit&#8221; column_padding_phone=&#8221;inherit&#8221; column_padding_position=&#8221;all&#8221; column_element_direction_desktop=&#8221;default&#8221; column_element_spacing=&#8221;default&#8221; desktop_text_alignment=&#8221;default&#8221; tablet_text_alignment=&#8221;default&#8221; phone_text_alignment=&#8221;default&#8221; background_color_opacity=&#8221;1&#8243; background_hover_color_opacity=&#8221;1&#8243; column_backdrop_filter=&#8221;none&#8221; column_shadow=&#8221;none&#8221; column_border_radius=&#8221;none&#8221; column_link_target=&#8221;_self&#8221; column_position=&#8221;default&#8221; gradient_direction=&#8221;left_to_right&#8221; overlay_strength=&#8221;0.3&#8243; width=&#8221;1\/1&#8243; tablet_width_inherit=&#8221;default&#8221; animation_type=&#8221;default&#8221; bg_image_animation=&#8221;none&#8221; border_type=&#8221;simple&#8221; column_border_width=&#8221;none&#8221; column_border_style=&#8221;solid&#8221;][vc_custom_heading text=&#8221;Privacy Policy&#8221; font_container=&#8221;tag:h1|font_size:45px|text_align:left|color:%231fbbdc&#8221; use_theme_fonts=&#8221;yes&#8221; css_animation=&#8221;fadeInUp&#8221;][divider line_type=&#8221;No Line&#8221; custom_height=&#8221;60&#8243;][vc_column_text]NAROBIAL S.L. con CIF B16942674 con domicilio en C\/Isabel Torres n\u00ba 5 39009 Santander (Espa\u00f1a) es titular del sitio web y responsable del tratamiento de los datos de car\u00e1cter personal que los usuarios suministran a trav\u00e9s de este sitio web.<\/p>\n<p>NAROBIAL S.L. informa a los usuarios de este sitio web sobre su pol\u00edtica respecto del tratamiento y protecci\u00f3n de los datos de car\u00e1cter personal de los usuarios y clientes que puedan ser recabados por la navegaci\u00f3n y uso de este sitio web.<\/p>\n<p>La finalidad de este documento es informar a los usuarios sobre qu\u00e9 hacemos con sus datos personales, c\u00f3mo se recaban, para qu\u00e9 se utilizan, los derechos que les asisten as\u00ed como toda la informaci\u00f3n necesaria establecida por la normativa vigente.<\/p>\n<p>Al utilizar este sitio web entendemos que ha le\u00eddo y comprendido la informaci\u00f3n que se expone en relaci\u00f3n con el tratamiento de sus datos de car\u00e1cter personal.<\/p>\n<p>Nuestro principal objetivo es tratar los datos personales de una forma l\u00edcita, leal y transparente.<\/p>\n<h3>Datos recabados, finalidad y licitud<\/h3>\n<p>Los datos de car\u00e1cter personal tratados son los aportados por los usuarios a trav\u00e9s de los formularios disponibles en este sitio web y son los m\u00ednimos exigibles para poder enviarle informaci\u00f3n sobre nuestros productos \/ servicios, poder realizar pedidos, as\u00ed como poder elaborar las facturas correspondientes, informar sobre el estado de los pedidos, atender reclamaciones y cualquier otra gesti\u00f3n derivada de la prestaci\u00f3n del servicio realizado a trav\u00e9s de este sitio web.<\/p>\n<p>Los datos personales recabados a trav\u00e9s del formulario web y del sitio web tienen como finalidad el env\u00edo de informaci\u00f3n comercial sobre nuestros productos y servicios y la atenci\u00f3n de su solicitud.<br \/>\nEl tratamiento de los datos est\u00e1 legitimado por el consentimiento expreso que usted nos presta al aceptar la pol\u00edtica de privacidad, as\u00ed como en la ejecuci\u00f3n de los tratos preliminares\/contrato que constituye su solicitud.<\/p>\n<h3>Operaciones que se realizan con los datos personales<\/h3>\n<p>Los datos de car\u00e1cter personal son registrados a trav\u00e9s de la web y conservados en soportes electr\u00f3nicos controlados y supervisados por el responsable del tratamiento. Los soportes cuentan con las medidas t\u00e9cnicas y organizativas necesarias que garantizan la debida confidencialidad en el tratamiento de los datos.<\/p>\n<p>El personal implicado en las operaciones de tratamiento de datos: acceso, edici\u00f3n, borrado, etc\u2026 est\u00e1 capacitado para ello y est\u00e1 formado y comprometido con nuestra pol\u00edtica de protecci\u00f3n de datos.<\/p>\n<h3>Conservaci\u00f3n de los datos<\/h3>\n<p>Los datos de car\u00e1cter personal se conservar\u00e1n el tiempo que sea necesario para poder atender la finalidad \/ finalidades para los que fueron.<\/p>\n<p>Por lo tanto mantendremos su informaci\u00f3n personal mientras exista una relaci\u00f3n contractual y\/o comercial con usted.<\/p>\n<p>Mantendremos la informaci\u00f3n debidamente bloqueada, sin darle ning\u00fan uso, mientras pueda ser necesaria para el ejercicio o defensa de reclamaciones o pueda derivarse alg\u00fan tipo de responsabilidad judicial, legal o contractual de su tratamiento, que deba ser atendida y para lo cual sea necesaria su recuperaci\u00f3n.<\/p>\n<h3>Protecci\u00f3n de los menores<\/h3>\n<p>Esta p\u00e1gina web no est\u00e1 dirigida a usuarios menores de edad. Si descubrimos que por error hemos obtenido informaci\u00f3n personal de un menor, eliminaremos dicha informaci\u00f3n lo antes posible.<\/p>\n<h3>Destinatarios de sus datos personales<\/h3>\n<p>Informamos a los usuarios de que sus datos personales no ser\u00e1n comunicados a terceros, con la salvedad de que dicha comunicaci\u00f3n de datos est\u00e9 amparada en una obligaci\u00f3n legal o cuando para la correcta prestaci\u00f3n del servicio o la ejecuci\u00f3n del contrato sea necesario comunicar sus datos a encargados del tratamiento.<\/p>\n<p>En caso de que su solicitud o comunicaci\u00f3n realizada a trav\u00e9s de la p\u00e1gina web o del correo electr\u00f3nico venga referida a una entidad del grupo diferente de Narobial., incluidas las sociedades que el grupo tenga establecidas en el extranjero y fuera de la Uni\u00f3n Europea, usted autoriza, mediante la aceptaci\u00f3n de la presente Pol\u00edtica, a que Narobial ceder sus datos y su solicitud a la empresa destinataria de la misma, incluyendo la transferencia internacional que pudiera ser precisa, la cual podr\u00eda realizarse a un pa\u00eds con un nivel de protecci\u00f3n inferior al existente en la Uni\u00f3n Europea.<\/p>\n<p>Para los casos en los que la comunicaci\u00f3n de datos a terceros no est\u00e9 amparada en las bases legales establecidas en el apartado anterior, la comunicaci\u00f3n de datos a otros destinatarios s\u00f3lo se realizar\u00e1 si el usuario ha dado su consentimiento expreso.<\/p>\n<p>NAROBIAL S.L. mantiene unos criterios estrictos de selecci\u00f3n de encargados de tratamiento y se compromete contractualmente con cada uno a cumplir y hacer cumplir las obligaciones establecidas en materia de protecci\u00f3n de datos.<\/p>\n<h3>Ejercicio de los derechos<\/h3>\n<p>De acuerdo con los derechos que confiere la normativa vigente en materia de protecci\u00f3n de datos de car\u00e1cter personal, el usuario podr\u00e1 ejercer los derechos de acceso, rectificaci\u00f3n, limitaci\u00f3n de tratamiento, supresi\u00f3n, portabilidad y oposici\u00f3n al tratamiento de sus datos dirigiendo su petici\u00f3n a la direcci\u00f3n postal indicada o al correo electr\u00f3nico <a href=\"mailto:comercial@narobial.net\">comercial@narobial.net<\/a>. Asimismo, tendr\u00e1 derecho a retirar el consentimiento otorgado en cualquier momento sin car\u00e1cter retroactivo. Tambi\u00e9n tendr\u00e1 derecho a presentar una reclamaci\u00f3n ante la Agencia Espa\u00f1ola de Protecci\u00f3n de Datos en caso de que entienda que sus derechos han sido vulnerados.[\/vc_column_text][divider line_type=&#8221;No Line&#8221; custom_height=&#8221;60&#8243;][vc_custom_heading text=&#8221;Security Policy&#8221; font_container=&#8221;tag:h1|font_size:45px|text_align:left|color:%231fbbdc&#8221; use_theme_fonts=&#8221;yes&#8221; css_animation=&#8221;fadeInUp&#8221;][divider line_type=&#8221;No Line&#8221; custom_height=&#8221;60&#8243;][vc_column_text]Desde <strong>Narobial<\/strong>, empresa dedicada a <strong>dise\u00f1o, venta y mantenimiento de software para ERP de automoci\u00f3n y Servicios de alojamiento del DMS en infraestructura cloud<\/strong>, somos conscientes de la importancia que presenta a d\u00eda de hoy la seguridad de la informaci\u00f3n para el desarrollo diario de nuestra actividad y de la correcta gesti\u00f3n de informaci\u00f3n y activos de nuestra organizaci\u00f3n.<\/p>\n<p>Con el fin de asegurar dicha gesti\u00f3n, en <strong>Grupo Quiter<\/strong> hemos implantado un Sistema de Gesti\u00f3n de Seguridad de la Informaci\u00f3n de acuerdo a los requisitos de la norma ISO\/IEC 27001:2022 para garantizar la continuidad de los sistemas de informaci\u00f3n, minimizar los riesgos y asegurar el cumplimiento de los objetivos fijados.<\/p>\n<p>El objetivo de esta Pol\u00edtica de Seguridad es fijar el marco de actuaci\u00f3n necesario para proteger los recursos de informaci\u00f3n frente a amenazas, internas o externas, deliberadas o accidentales, con el fin de asegurar el cumplimiento de la confidencialidad, integridad y disponibilidad de la informaci\u00f3n. Para ello, se emiten a continuaci\u00f3n los siguientes compromisos:<\/p>\n<ul>\n<li>Cumplir con la legislaci\u00f3n vigente en materia de seguridad de la informaci\u00f3n.<\/li>\n<li>Asegurar la privacidad de los datos gestionados por <strong>Grupo Quiter<\/strong> de clientes, empleados, proveedores y terceras partes.<\/li>\n<li>Garantizar la confidencialidad, disponibilidad e integridad de los activos de informaci\u00f3n propios de nuestra organizaci\u00f3n.<\/li>\n<li>Identificar y reducir los riesgos de seguridad de la informaci\u00f3n pertinentes a nuestra organizaci\u00f3n.<\/li>\n<li>Asegurar la capacidad de respuesta ante situaciones de emergencia, restableciendo el funcionamiento de los servicios cr\u00edticos en el menor tiempo posible.<\/li>\n<li>Proteger los activos de informaci\u00f3n conforme a su valor o importancia.<\/li>\n<li>Promover la concienciaci\u00f3n y formaci\u00f3n en seguridad de la informaci\u00f3n.<\/li>\n<li>Establecer un marco de referencia para el cumplimiento de objetivos y metas en materia de seguridad de la informaci\u00f3n, as\u00ed como a la mejora continua en nuestras actividades y procesos.<\/li>\n<\/ul>\n<p>Toda persona cuya actividad pueda directamente verse afectada por los requisitos del Sistema de Gesti\u00f3n de la Seguridad de la Informaci\u00f3n, est\u00e1 obligada al cumplimiento estricto de la Pol\u00edtica de Seguridad.<\/p>\n<p>Firmado por: Direcci\u00f3n<br \/>\nFecha: 24\/07\/2025[\/vc_column_text][\/vc_column][\/vc_row]\n","protected":false},"excerpt":{"rendered":"<p>[vc_row type=&#8221;in_container&#8221; full_screen_row_position=&#8221;middle&#8221; column_margin=&#8221;default&#8221; column_direction=&#8221;default&#8221; column_direction_tablet=&#8221;default&#8221; column_direction_phone=&#8221;default&#8221; scene_position=&#8221;center&#8221; top_padding=&#8221;4%&#8221; bottom_padding=&#8221;6%&#8221; text_color=&#8221;dark&#8221; text_align=&#8221;left&#8221; row_border_radius=&#8221;none&#8221; row_border_radius_applies=&#8221;bg&#8221; overflow=&#8221;visible&#8221; overlay_strength=&#8221;0.3&#8243; gradient_direction=&#8221;left_to_right&#8221; shape_divider_position=&#8221;bottom&#8221; bg_image_animation=&#8221;none&#8221; shape_type=&#8221;&#8221;][vc_column column_padding=&#8221;no-extra-padding&#8221; column_padding_tablet=&#8221;inherit&#8221; column_padding_phone=&#8221;inherit&#8221; column_padding_position=&#8221;all&#8221; column_element_direction_desktop=&#8221;default&#8221; column_element_spacing=&#8221;default&#8221; desktop_text_alignment=&#8221;default&#8221; tablet_text_alignment=&#8221;default&#8221; phone_text_alignment=&#8221;default&#8221; background_color_opacity=&#8221;1&#8243;&#8230;<\/p>\n","protected":false},"author":1,"featured_media":0,"parent":0,"menu_order":0,"comment_status":"closed","ping_status":"closed","template":"","meta":[],"_links":{"self":[{"href":"https:\/\/www.narobial.net\/en\/wp-json\/wp\/v2\/pages\/6548"}],"collection":[{"href":"https:\/\/www.narobial.net\/en\/wp-json\/wp\/v2\/pages"}],"about":[{"href":"https:\/\/www.narobial.net\/en\/wp-json\/wp\/v2\/types\/page"}],"author":[{"embeddable":true,"href":"https:\/\/www.narobial.net\/en\/wp-json\/wp\/v2\/users\/1"}],"replies":[{"embeddable":true,"href":"https:\/\/www.narobial.net\/en\/wp-json\/wp\/v2\/comments?post=6548"}],"version-history":[{"count":5,"href":"https:\/\/www.narobial.net\/en\/wp-json\/wp\/v2\/pages\/6548\/revisions"}],"predecessor-version":[{"id":6827,"href":"https:\/\/www.narobial.net\/en\/wp-json\/wp\/v2\/pages\/6548\/revisions\/6827"}],"wp:attachment":[{"href":"https:\/\/www.narobial.net\/en\/wp-json\/wp\/v2\/media?parent=6548"}],"curies":[{"name":"wp","href":"https:\/\/api.w.org\/{rel}","templated":true}]}}